{"id":477,"date":"2024-05-17T10:11:41","date_gmt":"2024-05-17T08:11:41","guid":{"rendered":"https:\/\/www.dubs-gehrig.com\/unternehmen\/"},"modified":"2024-05-30T18:52:53","modified_gmt":"2024-05-30T16:52:53","slug":"empresa","status":"publish","type":"page","link":"https:\/\/www.dubs-gehrig.com\/es\/empresa\/","title":{"rendered":"EMPRESA"},"content":{"rendered":"\n<h3 class=\"wp-block-heading has-theme-primary-color has-text-color has-link-color wp-elements-acf6b4913f63351a0c5678566720b6f3\">EMPRESA<\/h3>\n\n\n\n<p>UNA TRADICI\u00d3N CONSOLIDADA<\/p>\n\n\n\n<p>Con m\u00e1s de 50 a\u00f1os de historia, DUBS + GEHRIG HANDELS AG es una empresa establecida y firmemente arraigada en el comercio mayorista europeo de frutas. Se dedica a la comercializaci\u00f3n de frutas y hortalizas en el comercio minorista de alimentaci\u00f3n europeo, las tiendas de descuento, la industria de transformaci\u00f3n y el comercio tradicional de importaci\u00f3n.<\/p>\n\n\n\n<p>En la actualidad, la empresa est\u00e1 dirigida por los socios Christoph Gehrig y Daniel Gehrig. Con sede en Zollikon (Suiza) y oficinas de representaci\u00f3n en Atenas (Grecia) y Murcia (Espa\u00f1a), la empresa cuenta con una amplia red en Europa.<\/p>\n\n\n\n<p>Profesionalidad y muchos a\u00f1os de experiencia, un enfoque responsable hacia nuestros empleados, cultivadores y clientes, pasi\u00f3n por nuestros productos, fiabilidad e independencia financiera caracterizan nuestro \u00e9xito.<\/p>\n\n\n\n<figure class=\"wp-block-gallery has-nested-images columns-2 is-cropped wp-block-gallery-1 is-layout-flex wp-block-gallery-is-layout-flex\">\n<figure class=\"wp-block-image size-large\"><a href=\"https:\/\/www.dubs-gehrig.com\/es\/image-3\/\"><img loading=\"lazy\" decoding=\"async\" width=\"649\" height=\"854\" data-id=\"223\" src=\"https:\/\/www.dubs-gehrig.com\/wp-content\/uploads\/2024\/05\/image.png\" alt=\"\" class=\"wp-image-223\" srcset=\"https:\/\/www.dubs-gehrig.com\/wp-content\/uploads\/2024\/05\/image.png 649w, https:\/\/www.dubs-gehrig.com\/wp-content\/uploads\/2024\/05\/image-228x300.png 228w\" sizes=\"auto, (max-width: 649px) 100vw, 649px\" \/><\/a><\/figure>\n\n\n\n<figure class=\"wp-block-image size-large\"><a href=\"https:\/\/www.dubs-gehrig.com\/?attachment_id=252\"><img loading=\"lazy\" decoding=\"async\" width=\"634\" height=\"854\" data-id=\"252\" src=\"https:\/\/www.dubs-gehrig.com\/wp-content\/uploads\/2024\/05\/02_PR_DG.jpg\" alt=\"\" class=\"wp-image-252\" srcset=\"https:\/\/www.dubs-gehrig.com\/wp-content\/uploads\/2024\/05\/02_PR_DG.jpg 634w, https:\/\/www.dubs-gehrig.com\/wp-content\/uploads\/2024\/05\/02_PR_DG-223x300.jpg 223w\" sizes=\"auto, (max-width: 634px) 100vw, 634px\" \/><\/a><\/figure>\n\n\n\n<figure class=\"wp-block-image size-large\"><a href=\"https:\/\/www.dubs-gehrig.com\/?attachment_id=242\"><img loading=\"lazy\" decoding=\"async\" width=\"633\" height=\"849\" data-id=\"242\" src=\"https:\/\/www.dubs-gehrig.com\/wp-content\/uploads\/2024\/05\/03_PR_DG.jpg\" alt=\"\" class=\"wp-image-242\" srcset=\"https:\/\/www.dubs-gehrig.com\/wp-content\/uploads\/2024\/05\/03_PR_DG.jpg 633w, https:\/\/www.dubs-gehrig.com\/wp-content\/uploads\/2024\/05\/03_PR_DG-224x300.jpg 224w\" sizes=\"auto, (max-width: 633px) 100vw, 633px\" \/><\/a><\/figure>\n\n\n\n<figure class=\"wp-block-image size-large\"><a href=\"https:\/\/www.dubs-gehrig.com\/?attachment_id=247\"><img loading=\"lazy\" decoding=\"async\" width=\"634\" height=\"855\" data-id=\"247\" src=\"https:\/\/www.dubs-gehrig.com\/wp-content\/uploads\/2024\/05\/04_PR_DG.jpg\" alt=\"\" class=\"wp-image-247\" srcset=\"https:\/\/www.dubs-gehrig.com\/wp-content\/uploads\/2024\/05\/04_PR_DG.jpg 634w, https:\/\/www.dubs-gehrig.com\/wp-content\/uploads\/2024\/05\/04_PR_DG-222x300.jpg 222w\" sizes=\"auto, (max-width: 634px) 100vw, 634px\" \/><\/a><\/figure>\n<\/figure>\n","protected":false},"excerpt":{"rendered":"<p>EMPRESA UNA TRADICI\u00d3N CONSOLIDADA Con m\u00e1s de 50 a\u00f1os de historia, DUBS + GEHRIG HANDELS AG es una empresa establecida y firmemente arraigada en el comercio mayorista europeo de frutas. Se dedica a la comercializaci\u00f3n de frutas y hortalizas en el comercio minorista de alimentaci\u00f3n europeo, las tiendas de descuento, la industria de transformaci\u00f3n y [&hellip;]<\/p>\n","protected":false},"author":2,"featured_media":132,"parent":0,"menu_order":0,"comment_status":"closed","ping_status":"closed","template":"","meta":{"inline_featured_image":false,"_genesis_hide_title":true,"_genesis_hide_breadcrumbs":false,"_genesis_hide_singular_image":false,"_genesis_hide_footer_widgets":false,"_genesis_custom_body_class":"","_genesis_custom_post_class":"","_genesis_layout":"","footnotes":""},"class_list":{"0":"post-477","1":"page","2":"type-page","3":"status-publish","4":"has-post-thumbnail","6":"entry"},"featured_image_src":"https:\/\/www.dubs-gehrig.com\/wp-content\/uploads\/2024\/04\/15_dg-e1713948941219-600x400.jpeg","featured_image_src_square":"https:\/\/www.dubs-gehrig.com\/wp-content\/uploads\/2024\/04\/15_dg-e1713948941219-600x600.jpeg","_links":{"self":[{"href":"https:\/\/www.dubs-gehrig.com\/es\/wp-json\/wp\/v2\/pages\/477","targetHints":{"allow":["GET"]}}],"collection":[{"href":"https:\/\/www.dubs-gehrig.com\/es\/wp-json\/wp\/v2\/pages"}],"about":[{"href":"https:\/\/www.dubs-gehrig.com\/es\/wp-json\/wp\/v2\/types\/page"}],"author":[{"embeddable":true,"href":"https:\/\/www.dubs-gehrig.com\/es\/wp-json\/wp\/v2\/users\/2"}],"replies":[{"embeddable":true,"href":"https:\/\/www.dubs-gehrig.com\/es\/wp-json\/wp\/v2\/comments?post=477"}],"version-history":[{"count":0,"href":"https:\/\/www.dubs-gehrig.com\/es\/wp-json\/wp\/v2\/pages\/477\/revisions"}],"wp:featuredmedia":[{"embeddable":true,"href":"https:\/\/www.dubs-gehrig.com\/es\/wp-json\/wp\/v2\/media\/132"}],"wp:attachment":[{"href":"https:\/\/www.dubs-gehrig.com\/es\/wp-json\/wp\/v2\/media?parent=477"}],"curies":[{"name":"wp","href":"https:\/\/api.w.org\/{rel}","templated":true}]}}