{"id":487,"date":"2024-05-17T10:14:03","date_gmt":"2024-05-17T08:14:03","guid":{"rendered":"https:\/\/www.dubs-gehrig.com\/dienstleistung\/"},"modified":"2024-05-30T18:51:52","modified_gmt":"2024-05-30T16:51:52","slug":"service","status":"publish","type":"page","link":"https:\/\/www.dubs-gehrig.com\/fr\/service\/","title":{"rendered":"SERVICE"},"content":{"rendered":"\n<h3 class=\"wp-block-heading has-theme-primary-color has-text-color has-link-color wp-elements-85cb14b70651057b6f68e1aad71725a0\">SERVICE<\/h3>\n\n\n\n<p>Nous garantissons \u00e0 nos clients dans toute l&rsquo;Europe des informations compl\u00e8tes sur le march\u00e9 et la s\u00e9curit\u00e9 de l&rsquo;approvisionnement au quotidien.<\/p>\n\n\n\n<p>Afin de pouvoir approvisionner en permanence tous nos clients en produits frais et savoureux, nous travaillons avec rapidit\u00e9, souplesse et en fonction des objectifs fix\u00e9s, tout en garantissant une ponctualit\u00e9 absolue.<\/p>\n\n\n\n<p>Afin d&rsquo;op\u00e9rer de la mani\u00e8re la plus rentable possible, nous choisissons le chemin le plus court entre le champ et le client.<\/p>\n","protected":false},"excerpt":{"rendered":"<p>SERVICE Nous garantissons \u00e0 nos clients dans toute l&rsquo;Europe des informations compl\u00e8tes sur le march\u00e9 et la s\u00e9curit\u00e9 de l&rsquo;approvisionnement au quotidien. Afin de pouvoir approvisionner en permanence tous nos clients en produits frais et savoureux, nous travaillons avec rapidit\u00e9, souplesse et en fonction des objectifs fix\u00e9s, tout en garantissant une ponctualit\u00e9 absolue. Afin d&rsquo;op\u00e9rer [&hellip;]<\/p>\n","protected":false},"author":2,"featured_media":370,"parent":0,"menu_order":0,"comment_status":"closed","ping_status":"closed","template":"","meta":{"inline_featured_image":false,"_genesis_hide_title":true,"_genesis_hide_breadcrumbs":false,"_genesis_hide_singular_image":false,"_genesis_hide_footer_widgets":false,"_genesis_custom_body_class":"","_genesis_custom_post_class":"","_genesis_layout":"","footnotes":""},"class_list":{"0":"post-487","1":"page","2":"type-page","3":"status-publish","4":"has-post-thumbnail","6":"entry"},"featured_image_src":"https:\/\/www.dubs-gehrig.com\/wp-content\/uploads\/2024\/05\/T3FW0P-1-600x400.jpg","featured_image_src_square":"https:\/\/www.dubs-gehrig.com\/wp-content\/uploads\/2024\/05\/T3FW0P-1-600x600.jpg","_links":{"self":[{"href":"https:\/\/www.dubs-gehrig.com\/fr\/wp-json\/wp\/v2\/pages\/487","targetHints":{"allow":["GET"]}}],"collection":[{"href":"https:\/\/www.dubs-gehrig.com\/fr\/wp-json\/wp\/v2\/pages"}],"about":[{"href":"https:\/\/www.dubs-gehrig.com\/fr\/wp-json\/wp\/v2\/types\/page"}],"author":[{"embeddable":true,"href":"https:\/\/www.dubs-gehrig.com\/fr\/wp-json\/wp\/v2\/users\/2"}],"replies":[{"embeddable":true,"href":"https:\/\/www.dubs-gehrig.com\/fr\/wp-json\/wp\/v2\/comments?post=487"}],"version-history":[{"count":0,"href":"https:\/\/www.dubs-gehrig.com\/fr\/wp-json\/wp\/v2\/pages\/487\/revisions"}],"wp:featuredmedia":[{"embeddable":true,"href":"https:\/\/www.dubs-gehrig.com\/fr\/wp-json\/wp\/v2\/media\/370"}],"wp:attachment":[{"href":"https:\/\/www.dubs-gehrig.com\/fr\/wp-json\/wp\/v2\/media?parent=487"}],"curies":[{"name":"wp","href":"https:\/\/api.w.org\/{rel}","templated":true}]}}