{"id":494,"date":"2024-05-17T10:15:15","date_gmt":"2024-05-17T08:15:15","guid":{"rendered":"https:\/\/www.dubs-gehrig.com\/qualitaet\/"},"modified":"2026-01-19T09:18:48","modified_gmt":"2026-01-19T07:18:48","slug":"qualite","status":"publish","type":"page","link":"https:\/\/www.dubs-gehrig.com\/fr\/qualite\/","title":{"rendered":"QUALIT\u00c9"},"content":{"rendered":"\n<h3 class=\"wp-block-heading has-theme-primary-color has-text-color has-link-color wp-elements-3a91d1526256e8b4bc44be0892f79e4e\">QUALIT\u00c9<\/h3>\n\n\n\n<p>La qualit\u00e9 faisait et fait toujours partie de notre philosophie d&rsquo;entreprise et constitue la pierre angulaire de notre succ\u00e8s.<\/p>\n\n\n\n<p>Le respect des limites maximales l\u00e9gales de r\u00e9sidus dans le pays de livraison respectif est pour nous une exigence fondamentale. Nous respectons \u00e9galement les exigences sp\u00e9cifiques des clients.<\/p>\n\n\n\n<p>Nous garantissons une tra\u00e7abilit\u00e9 compl\u00e8te de toutes les livraisons. Tous les produits que nous commercialisons sont p\u00e9riodiquement analys\u00e9s par des laboratoires certifi\u00e9s avant la r\u00e9colte et pour l&rsquo;inspection dans le pays de destination.<\/p>\n\n\n\n<p>Tous nos producteurs sont certifi\u00e9s GlobalGAP.<\/p>\n\n\n\n<h3 class=\"wp-block-heading has-theme-primary-color has-text-color has-link-color wp-elements-457a974858a89caa5e9e04ba700a2eb9\">Certificats<\/h3>\n\n\n\n<div class=\"wp-block-columns is-not-stacked-on-mobile is-layout-flex wp-container-core-columns-is-layout-9d6595d7 wp-block-columns-is-layout-flex\">\n<div class=\"wp-block-column is-vertically-aligned-center is-layout-flow wp-block-column-is-layout-flow\" style=\"flex-basis:20%\">\n<figure class=\"wp-block-image alignfull size-large\"><img loading=\"lazy\" decoding=\"async\" width=\"94\" height=\"75\" src=\"https:\/\/www.dubs-gehrig.com\/wp-content\/uploads\/2024\/05\/logo-3.svg\" alt=\"\" class=\"wp-image-409\"\/><\/figure>\n<\/div>\n\n\n\n<div class=\"wp-block-column is-vertically-aligned-center is-layout-flow wp-block-column-is-layout-flow\" style=\"flex-basis:80%\">\n<p><strong>Bio Suisse Certificat<\/strong><\/p>\n\n\n\n<div class=\"wp-block-file\"><a id=\"wp-block-file--media-ec64d4cd-0982-46e4-a703-d2837ed4f0c3\" href=\"https:\/\/www.dubs-gehrig.com\/wp-content\/uploads\/2026\/01\/CH-Bio-Verordnung-Bio-Suisse-bis-12.2026.pdf\" target=\"_blank\" rel=\"noreferrer noopener\">Voir le certificat<\/a><\/div>\n\n\n\n<div class=\"wp-block-file\"><a id=\"wp-block-file--media-094c003d-81c5-4338-b5c0-5da8f289c492\" href=\"https:\/\/www.dubs-gehrig.com\/wp-content\/uploads\/2026\/01\/PRODUCT-LIST_DG-valid-until-12.2026.pdf\" target=\"_blank\" rel=\"noreferrer noopener\">Voir la liste des produits<\/a><\/div>\n<\/div>\n<\/div>\n\n\n\n<div class=\"wp-block-columns is-not-stacked-on-mobile is-layout-flex wp-container-core-columns-is-layout-9d6595d7 wp-block-columns-is-layout-flex\">\n<div class=\"wp-block-column is-vertically-aligned-center is-layout-flow wp-block-column-is-layout-flow\" style=\"flex-basis:20%\">\n<figure class=\"wp-block-image alignfull size-full\"><img loading=\"lazy\" decoding=\"async\" width=\"393\" height=\"330\" src=\"https:\/\/www.dubs-gehrig.com\/wp-content\/uploads\/2024\/05\/lans-globalgap-certificate-e1717047985265.webp\" alt=\"\" class=\"wp-image-414\" srcset=\"https:\/\/www.dubs-gehrig.com\/wp-content\/uploads\/2024\/05\/lans-globalgap-certificate-e1717047985265.webp 393w, https:\/\/www.dubs-gehrig.com\/wp-content\/uploads\/2024\/05\/lans-globalgap-certificate-e1717047985265-300x252.webp 300w\" sizes=\"auto, (max-width: 393px) 100vw, 393px\" \/><\/figure>\n<\/div>\n\n\n\n<div class=\"wp-block-column is-vertically-aligned-center is-layout-flow wp-block-column-is-layout-flow\" style=\"flex-basis:80%\">\n<p><strong>GLOBALG.A.P.<\/strong> <strong>Certificat<\/strong><\/p>\n\n\n\n<div class=\"wp-block-file\"><a id=\"wp-block-file--media-8333ce1c-74e7-4f00-bfb9-6800a23d8c85\" href=\"https:\/\/www.dubs-gehrig.com\/wp-content\/uploads\/2025\/10\/Globalgap-CoC-bis-05.2026.pdf\" target=\"_blank\" rel=\"noreferrer noopener\">Voir le certificat<\/a><\/div>\n<\/div>\n<\/div>\n\n\n\n<div class=\"wp-block-columns is-not-stacked-on-mobile is-layout-flex wp-container-core-columns-is-layout-9d6595d7 wp-block-columns-is-layout-flex\">\n<div class=\"wp-block-column is-layout-flow wp-block-column-is-layout-flow\" style=\"flex-basis:20%\">\n<figure class=\"wp-block-image alignfull size-large\"><img loading=\"lazy\" decoding=\"async\" width=\"1024\" height=\"596\" src=\"https:\/\/www.dubs-gehrig.com\/wp-content\/uploads\/2024\/05\/GAP_Logo-1024x596.png\" alt=\"\" class=\"wp-image-419\" srcset=\"https:\/\/www.dubs-gehrig.com\/wp-content\/uploads\/2024\/05\/GAP_Logo-1024x596.png 1024w, https:\/\/www.dubs-gehrig.com\/wp-content\/uploads\/2024\/05\/GAP_Logo-300x175.png 300w, https:\/\/www.dubs-gehrig.com\/wp-content\/uploads\/2024\/05\/GAP_Logo-768x447.png 768w, https:\/\/www.dubs-gehrig.com\/wp-content\/uploads\/2024\/05\/GAP_Logo.png 1031w\" sizes=\"auto, (max-width: 1024px) 100vw, 1024px\" \/><\/figure>\n<\/div>\n\n\n\n<div class=\"wp-block-column is-vertically-aligned-center is-layout-flow wp-block-column-is-layout-flow\" style=\"flex-basis:80%\">\n<p><strong>SwissGAP Certificat<\/strong><\/p>\n\n\n\n<div class=\"wp-block-file\"><a id=\"wp-block-file--media-74188bc7-d189-44eb-9d9c-3b23c530af74\" href=\"https:\/\/www.dubs-gehrig.com\/wp-content\/uploads\/2026\/01\/SwissGAP-bis-12.2026.pdf\" target=\"_blank\" rel=\"noreferrer noopener\">Voir le certificat<\/a><\/div>\n\n\n\n<div class=\"wp-block-file\"><a id=\"wp-block-file--media-a5bf128b-277c-4afd-9485-90ab9d552099\" href=\"https:\/\/www.dubs-gehrig.com\/wp-content\/uploads\/2026\/01\/SwissGAP-PRODUCT-LIST-valid-until-12.2026.pdf\" target=\"_blank\" rel=\"noreferrer noopener\">Voir la liste des produits SwissGAP<\/a><\/div>\n<\/div>\n<\/div>\n","protected":false},"excerpt":{"rendered":"<p>QUALIT\u00c9 La qualit\u00e9 faisait et fait toujours partie de notre philosophie d&rsquo;entreprise et constitue la pierre angulaire de notre succ\u00e8s. Le respect des limites maximales l\u00e9gales de r\u00e9sidus dans le pays de livraison respectif est pour nous une exigence fondamentale. Nous respectons \u00e9galement les exigences sp\u00e9cifiques des clients. Nous garantissons une tra\u00e7abilit\u00e9 compl\u00e8te de toutes [&hellip;]<\/p>\n","protected":false},"author":2,"featured_media":154,"parent":0,"menu_order":0,"comment_status":"closed","ping_status":"closed","template":"","meta":{"inline_featured_image":false,"_genesis_hide_title":true,"_genesis_hide_breadcrumbs":false,"_genesis_hide_singular_image":false,"_genesis_hide_footer_widgets":false,"_genesis_custom_body_class":"","_genesis_custom_post_class":"","_genesis_layout":"","footnotes":""},"class_list":{"0":"post-494","1":"page","2":"type-page","3":"status-publish","4":"has-post-thumbnail","6":"entry"},"featured_image_src":"https:\/\/www.dubs-gehrig.com\/wp-content\/uploads\/2024\/04\/09_dg-600x400.jpeg","featured_image_src_square":"https:\/\/www.dubs-gehrig.com\/wp-content\/uploads\/2024\/04\/09_dg-600x600.jpeg","_links":{"self":[{"href":"https:\/\/www.dubs-gehrig.com\/fr\/wp-json\/wp\/v2\/pages\/494","targetHints":{"allow":["GET"]}}],"collection":[{"href":"https:\/\/www.dubs-gehrig.com\/fr\/wp-json\/wp\/v2\/pages"}],"about":[{"href":"https:\/\/www.dubs-gehrig.com\/fr\/wp-json\/wp\/v2\/types\/page"}],"author":[{"embeddable":true,"href":"https:\/\/www.dubs-gehrig.com\/fr\/wp-json\/wp\/v2\/users\/2"}],"replies":[{"embeddable":true,"href":"https:\/\/www.dubs-gehrig.com\/fr\/wp-json\/wp\/v2\/comments?post=494"}],"version-history":[{"count":0,"href":"https:\/\/www.dubs-gehrig.com\/fr\/wp-json\/wp\/v2\/pages\/494\/revisions"}],"wp:featuredmedia":[{"embeddable":true,"href":"https:\/\/www.dubs-gehrig.com\/fr\/wp-json\/wp\/v2\/media\/154"}],"wp:attachment":[{"href":"https:\/\/www.dubs-gehrig.com\/fr\/wp-json\/wp\/v2\/media?parent=494"}],"curies":[{"name":"wp","href":"https:\/\/api.w.org\/{rel}","templated":true}]}}