{"id":501,"date":"2024-05-17T10:21:42","date_gmt":"2024-05-17T08:21:42","guid":{"rendered":"https:\/\/www.dubs-gehrig.com\/produkte\/"},"modified":"2024-06-06T16:59:28","modified_gmt":"2024-06-06T14:59:28","slug":"produits","status":"publish","type":"page","link":"https:\/\/www.dubs-gehrig.com\/fr\/produits\/","title":{"rendered":"PRODUITS"},"content":{"rendered":"\n<h3 class=\"wp-block-heading has-theme-primary-color has-text-color has-link-color wp-elements-a0372a97fed439ed69efd9a1a604826f\">PRODUITS<\/h3>\n\n\n\n<p>Avec notre gamme, nous vous offrons toute la vari\u00e9t\u00e9 de la nature, des fruits et l\u00e9gumes frais issus d&rsquo;une production contr\u00f4l\u00e9e, dans la meilleure qualit\u00e9.<\/p>\n\n\n\n<p>Nous nous approvisionnons en Europe et en Afrique du Nord en particulier pour une large gamme de plus de 100 types de fruits et l\u00e9gumes diff\u00e9rents.<\/p>\n\n\n\n<h3 class=\"wp-block-heading has-text-align-left has-theme-primary-color has-text-color has-link-color wp-elements-49d0c698885d4576105f4f852916ff4d\">APER\u00c7U DU PRODUIT<\/h3>\n\n\n\n<ul class=\"wp-block-list\">\n<li>AGRUME<\/li>\n\n\n\n<li>BERRIES<\/li>\n\n\n\n<li>EXOTES<\/li>\n\n\n\n<li>L\u00c9GUMES<\/li>\n\n\n\n<li>SALADES<\/li>\n\n\n\n<li>FRUITS \u00c0 POME<\/li>\n\n\n\n<li>MELONS<\/li>\n\n\n\n<li>FRUITS DE PIERRE<\/li>\n\n\n\n<li>FRUITS SECS<\/li>\n\n\n\n<li>BIOPRODUITS<\/li>\n<\/ul>\n","protected":false},"excerpt":{"rendered":"<p>PRODUITS Avec notre gamme, nous vous offrons toute la vari\u00e9t\u00e9 de la nature, des fruits et l\u00e9gumes frais issus d&rsquo;une production contr\u00f4l\u00e9e, dans la meilleure qualit\u00e9. Nous nous approvisionnons en Europe et en Afrique du Nord en particulier pour une large gamme de plus de 100 types de fruits et l\u00e9gumes diff\u00e9rents. APER\u00c7U DU PRODUIT<\/p>\n","protected":false},"author":2,"featured_media":380,"parent":0,"menu_order":0,"comment_status":"closed","ping_status":"closed","template":"","meta":{"inline_featured_image":false,"_genesis_hide_title":true,"_genesis_hide_breadcrumbs":false,"_genesis_hide_singular_image":false,"_genesis_hide_footer_widgets":false,"_genesis_custom_body_class":"","_genesis_custom_post_class":"","_genesis_layout":"","footnotes":""},"class_list":{"0":"post-501","1":"page","2":"type-page","3":"status-publish","4":"has-post-thumbnail","6":"entry"},"featured_image_src":"https:\/\/www.dubs-gehrig.com\/wp-content\/uploads\/2024\/05\/2C95PDW-1-600x400.jpg","featured_image_src_square":"https:\/\/www.dubs-gehrig.com\/wp-content\/uploads\/2024\/05\/2C95PDW-1-600x600.jpg","_links":{"self":[{"href":"https:\/\/www.dubs-gehrig.com\/fr\/wp-json\/wp\/v2\/pages\/501","targetHints":{"allow":["GET"]}}],"collection":[{"href":"https:\/\/www.dubs-gehrig.com\/fr\/wp-json\/wp\/v2\/pages"}],"about":[{"href":"https:\/\/www.dubs-gehrig.com\/fr\/wp-json\/wp\/v2\/types\/page"}],"author":[{"embeddable":true,"href":"https:\/\/www.dubs-gehrig.com\/fr\/wp-json\/wp\/v2\/users\/2"}],"replies":[{"embeddable":true,"href":"https:\/\/www.dubs-gehrig.com\/fr\/wp-json\/wp\/v2\/comments?post=501"}],"version-history":[{"count":0,"href":"https:\/\/www.dubs-gehrig.com\/fr\/wp-json\/wp\/v2\/pages\/501\/revisions"}],"wp:featuredmedia":[{"embeddable":true,"href":"https:\/\/www.dubs-gehrig.com\/fr\/wp-json\/wp\/v2\/media\/380"}],"wp:attachment":[{"href":"https:\/\/www.dubs-gehrig.com\/fr\/wp-json\/wp\/v2\/media?parent=501"}],"curies":[{"name":"wp","href":"https:\/\/api.w.org\/{rel}","templated":true}]}}